{"id":2745,"date":"2022-11-18T18:02:36","date_gmt":"2022-11-18T17:02:36","guid":{"rendered":"https:\/\/neroperso.it\/privacy\/"},"modified":"2024-05-22T13:45:05","modified_gmt":"2024-05-22T11:45:05","slug":"privacy","status":"publish","type":"page","link":"https:\/\/neroperso.it\/de\/privacy\/","title":{"rendered":"Privacy"},"content":{"rendered":"[vc_row type=&#8220;full_width_background&#8220; full_screen_row_position=&#8220;middle&#8220; column_margin=&#8220;default&#8220; column_direction=&#8220;default&#8220; column_direction_tablet=&#8220;default&#8220; column_direction_phone=&#8220;default&#8220; bg_image=&#8220;213&#8243; bg_position=&#8220;center center&#8220; background_image_loading=&#8220;default&#8220; bg_repeat=&#8220;repeat&#8220; full_height=&#8220;yes&#8220; scene_position=&#8220;center&#8220; top_padding=&#8220;220&#8243; bottom_padding=&#8220;4%&#8220; top_padding_tablet=&#8220;100&#8243; top_padding_phone=&#8220;80&#8243; text_color=&#8220;dark&#8220; text_align=&#8220;left&#8220; row_border_radius=&#8220;none&#8220; row_border_radius_applies=&#8220;bg&#8220; overlay_strength=&#8220;0.3&#8243; gradient_direction=&#8220;left_to_right&#8220; shape_divider_position=&#8220;bottom&#8220; bg_image_animation=&#8220;none&#8220; shape_type=&#8220;&#8220;][vc_column column_padding=&#8220;padding-2-percent&#8220; column_padding_tablet=&#8220;inherit&#8220; column_padding_phone=&#8220;inherit&#8220; column_padding_position=&#8220;all&#8220; column_element_spacing=&#8220;default&#8220; background_color_opacity=&#8220;1&#8243; background_hover_color_opacity=&#8220;1&#8243; column_shadow=&#8220;none&#8220; column_border_radius=&#8220;none&#8220; column_link_target=&#8220;_self&#8220; gradient_direction=&#8220;left_to_right&#8220; overlay_strength=&#8220;0.3&#8243; width=&#8220;1\/3&#8243; tablet_width_inherit=&#8220;default&#8220; tablet_text_alignment=&#8220;default&#8220; phone_text_alignment=&#8220;default&#8220; bg_image_animation=&#8220;none&#8220; border_type=&#8220;simple&#8220; column_border_width=&#8220;none&#8220; column_border_style=&#8220;solid&#8220;][vc_column_text]\n<h2 style=\"font-size: 28px; letter-spacing: 4PX; text-align: right; line-height: 1.5;\"><span style=\"color: #961c27;\">WEB-DATENSCHUTZRICHTLINIE<\/span><\/h2>\n[\/vc_column_text][\/vc_column][vc_column column_padding=&#8220;padding-2-percent&#8220; column_padding_tablet=&#8220;inherit&#8220; column_padding_phone=&#8220;inherit&#8220; column_padding_position=&#8220;all&#8220; column_element_spacing=&#8220;default&#8220; background_color_opacity=&#8220;1&#8243; background_hover_color_opacity=&#8220;1&#8243; column_shadow=&#8220;none&#8220; column_border_radius=&#8220;none&#8220; column_link_target=&#8220;_self&#8220; gradient_direction=&#8220;left_to_right&#8220; overlay_strength=&#8220;0.3&#8243; width=&#8220;2\/3&#8243; tablet_width_inherit=&#8220;default&#8220; tablet_text_alignment=&#8220;default&#8220; phone_text_alignment=&#8220;default&#8220; bg_image_animation=&#8220;none&#8220; border_type=&#8220;simple&#8220; column_border_width=&#8220;none&#8220; column_border_style=&#8220;solid&#8220;][vc_column_text]Web-Datenschutzerkl\u00e4rung gem\u00e4\u00df Art. 13, EU-VO 2016\/679 (GDPR) bereitzustellen<br \/>\nIdentit\u00e4t und Kontakte des Datenverantwortlichen<br \/>\nDer Inhaber der Datenverarbeitung ist IWB Italia S.p.A. (im Folgenden: &#8222;IWB Italia S.p.A.&#8220; oder &#8222;der Inhaber der Datenverarbeitung&#8220;), mit Sitz in Loc. Colombara, 5 37011 Calmasino di Bardolino (VR) &#8211; USt-ID und MwSt.-Nummer 01871110233.<br \/>\nDie f\u00fcr den Datenschutz verantwortliche Organisation (DSB), benannt vom Eigent\u00fcmer gem\u00e4\u00df Art. 37 DSGVO, ist die Omniconsulting S.r.l.s. mit Sitz in Torino, Via Roma 366, USt-ID und MwSt.-Nummer 11868170017, E-Mail dpo@italianwinebrands.it.<\/p>\n<p>&nbsp;<\/p>\n<h4><span style=\"font-size: 120%;\">Kategorie der personenbezogenen Daten, Zweck der Verarbeitung, rechtliche Grundlage <\/span><\/h4>\n<h4>Navigationsdaten<\/h4>\n<p>Die f\u00fcr den Betrieb der Website verwendeten Computersysteme und Softwareverfahren erfassen einige personenbezogene Daten, deren \u00dcbertragung bei der Verwendung von Internet-Kommunikationsprotokollen implizit ist. Diese Informationen werden nicht gesammelt, um mit identifizierten Nutzern in Verbindung gebracht zu werden, k\u00f6nnten aber aufgrund ihrer Beschaffenheit &#8211; durch Verarbeitung und Verkn\u00fcpfung mit Daten, die sich im Besitz von Dritten befinden &#8211; deren Identifizierung erm\u00f6glichen.<br \/>\nZu dieser Datenkategorie geh\u00f6ren IP-Adressen oder Domain-Namen der Computer, die von den Benutzern verwendet werden, die sich mit der Website verbinden, URI-Adressen (Uniform Resource Identifier) der angeforderten Ressourcen, die Zeit der Anfrage, die Methode, die verwendet wird, um die Anfrage an den Server zu \u00fcbermitteln, die Gr\u00f6\u00dfe der als Antwort erhaltenen Datei, der numerische Code, der den Status der vom Server gegebenen Antwort angibt (erfolgreich, Fehler usw.) und andere Parameter, die sich auf das Betriebssystem und die Computerumgebung des Benutzers beziehen.<br \/>\nDiese Daten werden nur verwendet, um anonyme statistische Informationen \u00fcber die Nutzung der Website zu erhalten und um ihr korrektes Funktionieren zu \u00fcberpr\u00fcfen. Die Daten k\u00f6nnten zudem f\u00fcr die Haftungsermittlung im Falle von eventuellen Computerstraftaten und Sch\u00e4den f\u00fcr die Website verwendet werden.<br \/>\nDie Verarbeitung erfolgt zur Verfolgung des berechtigten Interesses des Inhabers, das ordnungsgem\u00e4\u00dfe Funktionieren der Website zu gew\u00e4hrleisten (Art.6, Absatz 1, Buchstabe f) DSGVO.<\/p>\n<p>&nbsp;<\/p>\n<h4>Cookies<\/h4>\n<p>Cookies sind kurze Textfragmente (Buchstaben und\/oder Zahlen), die es dem Webserver erm\u00f6glichen, Informationen \u00fcber den Client (den Browser) zu speichern, um sie bei demselben Besuch der Website (Sitzungscookies) oder sp\u00e4ter, sogar nach einigen Tagen (dauerhafte Cookies), wieder zu verwenden.<br \/>\nCookies werden, je nach den Pr\u00e4ferenzen des Nutzers, vom individuellen Browser auf dem jeweils verwendeten Ger\u00e4t (Computer, Tablet, Smartphone) gespeichert.<\/p>\n<p>Diese Website verwendet verschiedene Arten von Cookies:<\/p>\n<ul>\n<li>Streng notwendige Cookies: Sie helfen, eine Website nutzbar zu machen, indem sie grundlegende Funktionen wie die Seitennavigation und den Zugang zu gesch\u00fctzten Bereichen der Website erm\u00f6glichen. Die Website kann ohne diese Cookies nicht richtig funktionieren (Art. 6, Absatz 1, Buchstabe f) DSGVO).<\/li>\n<li>Pr\u00e4ferenz-Cookies: erm\u00f6glichen es einer Website, Informationen zu speichern, die beeinflussen, wie die Seite sich verh\u00e4lt oder aussieht, z. B. die bevorzugte Sprache oder die Region, in der sich der Nutzer befindet (Art. 6, Absatz 1, Buchstabe a) DSGVO).<\/li>\n<li>Statistische Cookies: Helfen den Website-Betreibern zu verstehen, wie Besucher mit den Websites interagieren, indem sie Informationen in anonymer Form sammeln und \u00fcbermitteln (Art. 6, Absatz 1, Buchstabe a) DSGVO).<\/li>\n<li>Marketing-Cookies: Diese werden verwendet, um Besucher auf Websites zu \u00fcberwachen. Absicht ist es, relevante und ansprechende Werbung f\u00fcr den einzelnen Nutzer anzuzeigen und damit solche, die f\u00fcr Verleger und Drittwerber von gr\u00f6\u00dferem Wert sind (Art. 6, Absatz 1, Buchstabe a) DSGVO).<\/li>\n<\/ul>\n<p>Neroperso verwendet Cookies, um Inhalte zu personalisieren, um Funktionen f\u00fcr soziale Medien bereitzustellen und um den Datenverkehr zu analysieren. Einige Cookies werden von Diensten Dritter gesetzt, die auf den Seiten der Website erscheinen. Die gesammelten Informationen werden mit unseren Webanalyse- und Social-Media-Partnern geteilt, die sie mit anderen Informationen kombinieren k\u00f6nnen, die Sie ihnen zur Verf\u00fcgung gestellt haben oder die sie aus Ihrer Nutzung ihrer Dienste gesammelt haben. Sie k\u00f6nnen Ihre Zustimmung jederzeit \u00fcber die &#8222;Erkl\u00e4rung zu Cookies&#8220; auf unserer Website \u00e4ndern oder widerrufen.<\/p>\n<h4><\/h4>\n<h4>Kontaktformular oder E-Mail<\/h4>\n<p>W\u00e4hrend der Navigation kann in einigen Bereichen der Website ein Kontaktformular zu einer von IWB Italia S.p.A. organisierten Veranstaltung eingef\u00fcgt werden. Dar\u00fcber hinaus f\u00fchrt die fakultative, ausdr\u00fcckliche und freiwillige Zusendung von E-Mails an die auf dieser Website angegebenen Adressen zur anschlie\u00dfenden Erfassung der Adresse des Absenders, die f\u00fcr die Beantwortung der Anfragen erforderlich ist, sowie aller anderen in der Nachricht enthaltenen personenbezogenen Daten. Die Daten k\u00f6nnen auch zum Anlegen eines Archivs verwendet werden, um auf der Grundlage eines berechtigten Interesses Vorschl\u00e4ge oder zuk\u00fcnftige Initiativen von IWB Italia S.p.A. per E-Mail zu versenden.<\/p>\n<p>&nbsp;<\/p>\n<h4>Speicherzeiten<\/h4>\n<p>Die Navigationsdaten werden f\u00fcr kurze Zeitr\u00e4ume gespeichert, mit Ausnahme von eventuellen Verl\u00e4ngerungen im Zusammenhang mit Ermittlungsaktivit\u00e4ten oder zur Feststellung der Verantwortlichkeit bei hypothetischen Computerverbrechen gegen die Website. Die Speicherung von Cookies erfolgt gem\u00e4\u00df den Angaben in der &#8222;Erkl\u00e4rung zu Cookies&#8220;. Die \u00fcber Kontaktformulare erhobenen oder per E-Mail erhaltenen Daten werden hingegen so lange gespeichert, wie es f\u00fcr die Bearbeitung von Anfragen erforderlich ist.<\/p>\n<p>&nbsp;<\/p>\n<h4>Art der Verarbeitung<\/h4>\n<p>Die personenbezogenen Daten werden vom Inhaber haupts\u00e4chlich elektronisch verarbeitet und auf Servern innerhalb des eigenen Verwaltungssystems und\/oder von ordnungsgem\u00e4\u00df als datenverarbeitungsverantwortlich ernannte Drittunternehmen gespeichert. Angemessene Sicherheitsma\u00dfnahmen werden eingehalten, um den Verlust oder die Ver\u00e4nderung von Daten &#8211; auch versehentlich -, unerlaubte oder falsche Verwendung und unberechtigten Zugriff zu verhindern.<\/p>\n<p>&nbsp;<\/p>\n<h4>Bereich der Datenkommunikation<\/h4>\n<p>Gegebenenfalls und in \u00dcbereinstimmung mit den geltenden Gesetzen und Anforderungen k\u00f6nnen wir Ihre personenbezogenen Daten auf verschiedene Weise und aus verschiedenen Gr\u00fcnden an die folgenden Personengruppen \u00fcbermitteln:<\/p>\n<p>Externe Dienstleister, die in unserem Auftrag handeln (einschlie\u00dflich externer Berater, Gesch\u00e4ftspartner und Fachleute, IT-Berater und technisches Support-Personal, die Audits und Entwicklungsaktivit\u00e4ten an unseren IT-Systemen durchf\u00fchren);<br \/>\nExterne Anbieter von IT- und Datenanalysediensten sowie ADV- und Social-Digital-Marketing-Diensten, die als unsere externen Datenverantwortlichen handeln und als solche gem\u00e4\u00df Art. 28 DSGVO ernannt wurden, oder autonome Inhaber.<br \/>\nOrt der Verarbeitung und \u00dcbermittlung von Daten in Nicht-EU-L\u00e4nder<br \/>\nDie Verarbeitung, einschlie\u00dflich der Speicherung, personenbezogener Daten erfolgt auf Servern, die sich im Besitz des f\u00fcr die Datenverarbeitung Verantwortlichen und\/oder von Drittunternehmen befinden, die als f\u00fcr die Datenverarbeitungsverantwortliche ernannt und ordnungsgem\u00e4\u00df bestellt wurden und sich innerhalb der Europ\u00e4ischen Union befinden. Allerdings k\u00f6nnen personenbezogene Daten in Drittl\u00e4nder \u00fcbertragen werden, vor allem f\u00fcr Analysen und digitale und soziale Marketingdienste oder an Plattformen sozialer Netzwerke, wobei die Vertragsklauseln des Beschlusses der Europ\u00e4ischen Kommission vom 5. Februar 2010 f\u00fcr die \u00dcbermittlung personenbezogener Daten an Datenverarbeitungsverantwortliche in Drittl\u00e4ndern in \u00dcbereinstimmung mit den Anforderungen von Artikel 46 DSGVO und gegebenenfalls f\u00fcr die Erf\u00fcllung vertraglicher Verpflichtungen, an denen die betroffene Person beteiligt ist, in \u00dcbereinstimmung mit den Bestimmungen von Artikel 49, Absatz 1, Buchstabe b) DSGVO, angenommen werden.<\/p>\n<p>&nbsp;<\/p>\n<h4>Rechte der betroffenen Personen gem\u00e4\u00df Artikel 15-22, DSGVO<\/h4>\n<p>Durch ein Schreiben an den Inhaber der Datenverarbeitung an die Postanschrift IWB Italia S.p.A. Loc. Colombara, 5 37011 Calmasino di Bardolino (VR) oder an die E-Mail-Adresse privacy@italianwinebrands.it kann die betroffene Person<br \/>\ndie Rechte auf Zugang (Art.15, DSGVO),<br \/>\nBerichtigung (Art.16, DSGVO),<br \/>\nL\u00f6schung und Vergessen (Art.17, DSGVO),<br \/>\nEinschr\u00e4nkung der Verarbeitung (Art.18, DSGVO),<br \/>\nBenachrichtigung im Falle der Berichtigung oder L\u00f6schung (Art.19, DSGVO),<br \/>\nDaten\u00fcbertragbarkeit (Art.20, DSGVO),<br \/>\nWiderruf der Einwilligung, Widerspruch gegen die Verarbeitung (Art.21, DSGVO) aus legitimen Gr\u00fcnden oder zur Versendung von Marketingmitteilungen und Direktverk\u00e4ufen auch beschr\u00e4nkt auf einen oder mehrere Kontaktwege (z.B.: per Post und\/oder E-Mail und\/oder Telefon), sowie Widerspruch gegen das Profiling (Art.22, DSGVO), wenn es sich um Direktmarketing handelt. Die betroffene Person kann jederzeit eine vollst\u00e4ndige und aktualisierte Liste der Datenverarbeitungsverantwortlichen und Dritter, denen die personenbezogenen Daten mitgeteilt werden k\u00f6nnen, anfordern.<\/p>\n<p>&nbsp;<\/p>\n<h4>Beanstandung bei der Aufsichtsbeh\u00f6rde<\/h4>\n<p>Die betroffene Person hat das Recht, eine Beschwerde bei der Aufsichtsbeh\u00f6rde einzureichen, die in Italien der \u201eGarante per la Protezione dei Dati Personali\u201c &#8211; Piazza Venezia 11, 00187 Roma (RM)- www.garanteprivacy.it ist, indem sie eine E-Mail an protocollo@pec.gpdp.it schickt und das Formular auf der Website der Beh\u00f6rde verwendet.<\/p>\n<h4><\/h4>\n<h4>Datenschutzbeauftragter<\/h4>\n<p>Der Datenschutzbeauftragte ist unter dpo@italianwinebrands.it f\u00fcr Ausk\u00fcnfte zur Datenverarbeitung erreichbar.<\/p>\n<p>&nbsp;<\/p>\n<h4>Zustimmungen<\/h4>\n<p>Der Interessent kann jederzeit seine Zustimmung zur Verwendung von Cookies zur\u00fcckziehen, mit Ausnahme derjenigen, die f\u00fcr das Funktionieren der Webseiten der Website unbedingt erforderlich sind, und zwar \u00fcber die Erkl\u00e4rung zu Cookies.[\/vc_column_text][vc_row_inner column_margin=&#8220;default&#8220; column_direction=&#8220;default&#8220; column_direction_tablet=&#8220;default&#8220; column_direction_phone=&#8220;default&#8220; top_padding=&#8220;80&#8243; bottom_padding=&#8220;7%&#8220; text_align=&#8220;left&#8220;][vc_column_inner column_padding=&#8220;no-extra-padding&#8220; column_padding_tablet=&#8220;inherit&#8220; column_padding_phone=&#8220;inherit&#8220; column_padding_position=&#8220;all&#8220; column_element_spacing=&#8220;default&#8220; background_color_opacity=&#8220;1&#8243; background_hover_color_opacity=&#8220;1&#8243; column_shadow=&#8220;none&#8220; column_border_radius=&#8220;none&#8220; column_link_target=&#8220;_self&#8220; gradient_direction=&#8220;left_to_right&#8220; overlay_strength=&#8220;0.3&#8243; width=&#8220;1\/1&#8243; tablet_width_inherit=&#8220;default&#8220; bg_image_animation=&#8220;none&#8220; border_type=&#8220;simple&#8220; column_border_width=&#8220;none&#8220; column_border_style=&#8220;solid&#8220;][vc_raw_html]JTNDYnV0dG9uJTIwY2xhc3MlM0QlMjJiYWNrJTIwbmVjdGFyLWJ1dHRvbiUyMGxhcmdlJTIwcmVndWxhciUyMCUyMHJlZ3VsYXItYnV0dG9uJTIyJTIwb25jbGljayUzRCUyMmJhY2tCdXR0b24lMjglMjklMjIlM0UlMjBadXIlQzMlQkNjayUzQyUyRmJ1dHRvbiUzRSUwQSUwQSUzQ3NjcmlwdCUzRSUwQSUwQWZ1bmN0aW9uJTIwYmFja0J1dHRvbiUyOCUyOSUyMCU3QiUwQSUwQXdpbmRvdy5oaXN0b3J5LmJhY2slMjglMjklM0IlMEElMEElN0QlMEElMEElM0MlMkZzY3JpcHQlM0U=[\/vc_raw_html][\/vc_column_inner][\/vc_row_inner][\/vc_column][\/vc_row]\n","protected":false},"excerpt":{"rendered":"<p>[vc_row type=&#8220;full_width_background&#8220; full_screen_row_position=&#8220;middle&#8220; column_margin=&#8220;default&#8220; column_direction=&#8220;default&#8220; column_direction_tablet=&#8220;default&#8220; column_direction_phone=&#8220;default&#8220; bg_image=&#8220;213&#8243; bg_position=&#8220;center center&#8220; background_image_loading=&#8220;default&#8220; bg_repeat=&#8220;repeat&#8220; full_height=&#8220;yes&#8220; scene_position=&#8220;center&#8220; top_padding=&#8220;220&#8243; bottom_padding=&#8220;4%&#8220; top_padding_tablet=&#8220;100&#8243; top_padding_phone=&#8220;80&#8243; text_color=&#8220;dark&#8220; text_align=&#8220;left&#8220; row_border_radius=&#8220;none&#8220; row_border_radius_applies=&#8220;bg&#8220; overlay_strength=&#8220;0.3&#8243; gradient_direction=&#8220;left_to_right&#8220; shape_divider_position=&#8220;bottom&#8220; bg_image_animation=&#8220;none&#8220; shape_type=&#8220;&#8220;][vc_column column_padding=&#8220;padding-2-percent&#8220; column_padding_tablet=&#8220;inherit&#8220; column_padding_phone=&#8220;inherit&#8220;&#8230;<\/p>\n","protected":false},"author":1,"featured_media":0,"parent":0,"menu_order":0,"comment_status":"closed","ping_status":"closed","template":"","meta":{"footnotes":""},"class_list":["post-2745","page","type-page","status-publish"],"yoast_head":"<!-- This site is optimized with the Yoast SEO plugin v17.9 - https:\/\/yoast.com\/wordpress\/plugins\/seo\/ -->\n<title>Privacy - Neroperso<\/title>\n<meta name=\"robots\" content=\"index, follow, max-snippet:-1, max-image-preview:large, max-video-preview:-1\" \/>\n<link rel=\"canonical\" href=\"https:\/\/neroperso.it\/de\/privacy\/\" \/>\n<meta property=\"og:locale\" content=\"de_DE\" \/>\n<meta property=\"og:type\" content=\"article\" \/>\n<meta property=\"og:title\" content=\"Privacy - Neroperso\" \/>\n<meta property=\"og:description\" content=\"[vc_row type=&#8220;full_width_background&#8220; full_screen_row_position=&#8220;middle&#8220; column_margin=&#8220;default&#8220; column_direction=&#8220;default&#8220; column_direction_tablet=&#8220;default&#8220; column_direction_phone=&#8220;default&#8220; bg_image=&#8220;213&#8243; bg_position=&#8220;center center&#8220; background_image_loading=&#8220;default&#8220; bg_repeat=&#8220;repeat&#8220; full_height=&#8220;yes&#8220; scene_position=&#8220;center&#8220; top_padding=&#8220;220&#8243; bottom_padding=&#8220;4%&#8220; top_padding_tablet=&#8220;100&#8243; top_padding_phone=&#8220;80&#8243; text_color=&#8220;dark&#8220; text_align=&#8220;left&#8220; row_border_radius=&#8220;none&#8220; row_border_radius_applies=&#8220;bg&#8220; overlay_strength=&#8220;0.3&#8243; gradient_direction=&#8220;left_to_right&#8220; shape_divider_position=&#8220;bottom&#8220; bg_image_animation=&#8220;none&#8220; shape_type=&#8220;&#8220;][vc_column column_padding=&#8220;padding-2-percent&#8220; column_padding_tablet=&#8220;inherit&#8220; column_padding_phone=&#8220;inherit&#8220;...\" \/>\n<meta property=\"og:url\" content=\"https:\/\/neroperso.it\/de\/privacy\/\" \/>\n<meta property=\"og:site_name\" content=\"Neroperso\" \/>\n<meta property=\"article:modified_time\" content=\"2024-05-22T11:45:05+00:00\" \/>\n<meta name=\"twitter:card\" content=\"summary_large_image\" \/>\n<meta name=\"twitter:label1\" content=\"Gesch\u00e4tzte Lesezeit\" \/>\n\t<meta name=\"twitter:data1\" content=\"8\u00a0Minuten\" \/>\n<script type=\"application\/ld+json\" class=\"yoast-schema-graph\">{\"@context\":\"https:\/\/schema.org\",\"@graph\":[{\"@type\":\"Organization\",\"@id\":\"https:\/\/neroperso.it\/#organization\",\"name\":\"Neroperso\",\"url\":\"https:\/\/neroperso.it\/\",\"sameAs\":[],\"logo\":{\"@type\":\"ImageObject\",\"@id\":\"https:\/\/neroperso.it\/#logo\",\"inLanguage\":\"de\",\"url\":\"https:\/\/neroperso.it\/wp-content\/uploads\/2021\/10\/logo-neroperso.png\",\"contentUrl\":\"https:\/\/neroperso.it\/wp-content\/uploads\/2021\/10\/logo-neroperso.png\",\"width\":500,\"height\":237,\"caption\":\"Neroperso\"},\"image\":{\"@id\":\"https:\/\/neroperso.it\/#logo\"}},{\"@type\":\"WebSite\",\"@id\":\"https:\/\/neroperso.it\/#website\",\"url\":\"https:\/\/neroperso.it\/\",\"name\":\"Neroperso\",\"description\":\"APPASSIMENTO ROSSO VENETO IGT\",\"publisher\":{\"@id\":\"https:\/\/neroperso.it\/#organization\"},\"potentialAction\":[{\"@type\":\"SearchAction\",\"target\":{\"@type\":\"EntryPoint\",\"urlTemplate\":\"https:\/\/neroperso.it\/?s={search_term_string}\"},\"query-input\":\"required name=search_term_string\"}],\"inLanguage\":\"de\"},{\"@type\":\"WebPage\",\"@id\":\"https:\/\/neroperso.it\/de\/privacy\/#webpage\",\"url\":\"https:\/\/neroperso.it\/de\/privacy\/\",\"name\":\"Privacy - Neroperso\",\"isPartOf\":{\"@id\":\"https:\/\/neroperso.it\/#website\"},\"datePublished\":\"2022-11-18T17:02:36+00:00\",\"dateModified\":\"2024-05-22T11:45:05+00:00\",\"breadcrumb\":{\"@id\":\"https:\/\/neroperso.it\/de\/privacy\/#breadcrumb\"},\"inLanguage\":\"de\",\"potentialAction\":[{\"@type\":\"ReadAction\",\"target\":[\"https:\/\/neroperso.it\/de\/privacy\/\"]}]},{\"@type\":\"BreadcrumbList\",\"@id\":\"https:\/\/neroperso.it\/de\/privacy\/#breadcrumb\",\"itemListElement\":[{\"@type\":\"ListItem\",\"position\":1,\"name\":\"Home\",\"item\":\"https:\/\/neroperso.it\/de\/\"},{\"@type\":\"ListItem\",\"position\":2,\"name\":\"Privacy\"}]}]}<\/script>\n<!-- \/ Yoast SEO plugin. -->","yoast_head_json":{"title":"Privacy - Neroperso","robots":{"index":"index","follow":"follow","max-snippet":"max-snippet:-1","max-image-preview":"max-image-preview:large","max-video-preview":"max-video-preview:-1"},"canonical":"https:\/\/neroperso.it\/de\/privacy\/","og_locale":"de_DE","og_type":"article","og_title":"Privacy - Neroperso","og_description":"[vc_row type=&#8220;full_width_background&#8220; full_screen_row_position=&#8220;middle&#8220; column_margin=&#8220;default&#8220; column_direction=&#8220;default&#8220; column_direction_tablet=&#8220;default&#8220; column_direction_phone=&#8220;default&#8220; bg_image=&#8220;213&#8243; bg_position=&#8220;center center&#8220; background_image_loading=&#8220;default&#8220; bg_repeat=&#8220;repeat&#8220; full_height=&#8220;yes&#8220; scene_position=&#8220;center&#8220; top_padding=&#8220;220&#8243; bottom_padding=&#8220;4%&#8220; top_padding_tablet=&#8220;100&#8243; top_padding_phone=&#8220;80&#8243; text_color=&#8220;dark&#8220; text_align=&#8220;left&#8220; row_border_radius=&#8220;none&#8220; row_border_radius_applies=&#8220;bg&#8220; overlay_strength=&#8220;0.3&#8243; gradient_direction=&#8220;left_to_right&#8220; shape_divider_position=&#8220;bottom&#8220; bg_image_animation=&#8220;none&#8220; shape_type=&#8220;&#8220;][vc_column column_padding=&#8220;padding-2-percent&#8220; column_padding_tablet=&#8220;inherit&#8220; column_padding_phone=&#8220;inherit&#8220;...","og_url":"https:\/\/neroperso.it\/de\/privacy\/","og_site_name":"Neroperso","article_modified_time":"2024-05-22T11:45:05+00:00","twitter_card":"summary_large_image","twitter_misc":{"Gesch\u00e4tzte Lesezeit":"8\u00a0Minuten"},"schema":{"@context":"https:\/\/schema.org","@graph":[{"@type":"Organization","@id":"https:\/\/neroperso.it\/#organization","name":"Neroperso","url":"https:\/\/neroperso.it\/","sameAs":[],"logo":{"@type":"ImageObject","@id":"https:\/\/neroperso.it\/#logo","inLanguage":"de","url":"https:\/\/neroperso.it\/wp-content\/uploads\/2021\/10\/logo-neroperso.png","contentUrl":"https:\/\/neroperso.it\/wp-content\/uploads\/2021\/10\/logo-neroperso.png","width":500,"height":237,"caption":"Neroperso"},"image":{"@id":"https:\/\/neroperso.it\/#logo"}},{"@type":"WebSite","@id":"https:\/\/neroperso.it\/#website","url":"https:\/\/neroperso.it\/","name":"Neroperso","description":"APPASSIMENTO ROSSO VENETO IGT","publisher":{"@id":"https:\/\/neroperso.it\/#organization"},"potentialAction":[{"@type":"SearchAction","target":{"@type":"EntryPoint","urlTemplate":"https:\/\/neroperso.it\/?s={search_term_string}"},"query-input":"required name=search_term_string"}],"inLanguage":"de"},{"@type":"WebPage","@id":"https:\/\/neroperso.it\/de\/privacy\/#webpage","url":"https:\/\/neroperso.it\/de\/privacy\/","name":"Privacy - Neroperso","isPartOf":{"@id":"https:\/\/neroperso.it\/#website"},"datePublished":"2022-11-18T17:02:36+00:00","dateModified":"2024-05-22T11:45:05+00:00","breadcrumb":{"@id":"https:\/\/neroperso.it\/de\/privacy\/#breadcrumb"},"inLanguage":"de","potentialAction":[{"@type":"ReadAction","target":["https:\/\/neroperso.it\/de\/privacy\/"]}]},{"@type":"BreadcrumbList","@id":"https:\/\/neroperso.it\/de\/privacy\/#breadcrumb","itemListElement":[{"@type":"ListItem","position":1,"name":"Home","item":"https:\/\/neroperso.it\/de\/"},{"@type":"ListItem","position":2,"name":"Privacy"}]}]}},"_links":{"self":[{"href":"https:\/\/neroperso.it\/de\/wp-json\/wp\/v2\/pages\/2745","targetHints":{"allow":["GET"]}}],"collection":[{"href":"https:\/\/neroperso.it\/de\/wp-json\/wp\/v2\/pages"}],"about":[{"href":"https:\/\/neroperso.it\/de\/wp-json\/wp\/v2\/types\/page"}],"author":[{"embeddable":true,"href":"https:\/\/neroperso.it\/de\/wp-json\/wp\/v2\/users\/1"}],"replies":[{"embeddable":true,"href":"https:\/\/neroperso.it\/de\/wp-json\/wp\/v2\/comments?post=2745"}],"version-history":[{"count":9,"href":"https:\/\/neroperso.it\/de\/wp-json\/wp\/v2\/pages\/2745\/revisions"}],"predecessor-version":[{"id":3305,"href":"https:\/\/neroperso.it\/de\/wp-json\/wp\/v2\/pages\/2745\/revisions\/3305"}],"wp:attachment":[{"href":"https:\/\/neroperso.it\/de\/wp-json\/wp\/v2\/media?parent=2745"}],"curies":[{"name":"wp","href":"https:\/\/api.w.org\/{rel}","templated":true}]}}